{"id":3,"date":"2026-02-13T09:37:32","date_gmt":"2026-02-13T08:37:32","guid":{"rendered":"http:\/\/localhost\/wordpress\/?page_id=3"},"modified":"2026-03-19T10:14:06","modified_gmt":"2026-03-19T09:14:06","slug":"politique-de-confidentialite","status":"publish","type":"page","link":"https:\/\/cidreriezigzag.fr\/index.php\/politique-de-confidentialite\/","title":{"rendered":"POLITIQUE DE CONFIDENTIALITE"},"content":{"rendered":"\n<h2 class=\"wp-block-heading\">Qui sommes-nous&nbsp;?<\/h2>\n\n\n\n<p>L\u2019adresse de notre site est&nbsp;: https:\/\/cidreriezigzag.fr<\/p>\n\n\n\n<h2 class=\"wp-block-heading\">Responsable du traitement<\/h2>\n\n\n\n<p>Les donn\u00e9es personnelles collect\u00e9es sur le site https:\/\/cidreriezigzag.fr sont trait\u00e9es par :<\/p>\n\n\n\n<p>L&rsquo;association les copaines de la cidrerie zigzag<\/p>\n\n\n\n<p>Association loi 1901<\/p>\n\n\n\n<p>S\u00e8ge social : 55Bis rue L\u00e9onard de Vinci &#8211; 44600 Saint-Nazaire<\/p>\n\n\n\n<p>En qualit\u00e9 de responsable du traitement.<\/p>\n\n\n\n<h2 class=\"wp-block-heading\">Utilisation du formulaire de contact<\/h2>\n\n\n\n<p>Lorsque vous utilisez notre formulaire de contact, nous collectons les donn\u00e9es suivantes :<\/p>\n\n\n\n<ul class=\"wp-block-list\">\n<li>Votre pr\u00e9nom et nom<\/li>\n\n\n\n<li>Votre adresse e-mail<\/li>\n\n\n\n<li>Le contenu de votre message<\/li>\n<\/ul>\n\n\n\n<p>Ces informations sont collect\u00e9es uniquement dans le but de r\u00e9pondre \u00e0 votre demande.<\/p>\n\n\n\n<p>Les donn\u00e9es transmises via le formulaire de contact ne sont pas utilis\u00e9es \u00e0 des fins commerciales, ne sont pas c\u00e9d\u00e9es \u00e0 des tiers et ne sont pas utilis\u00e9es \u00e0 des fins de prospection.<\/p>\n\n\n\n<h2 class=\"wp-block-heading\">Base l\u00e9gale du traitement<\/h2>\n\n\n\n<p>Les donn\u00e9es collect\u00e9es via le formulaire de contact sont trait\u00e9es sur la base de votre consentement, que vous manifestez en envoyant volontairement votre message.<\/p>\n\n\n\n<h2 class=\"wp-block-heading\">Dur\u00e9e de conservation des donn\u00e9es<\/h2>\n\n\n\n<p>Les donn\u00e9es envoy\u00e9es via le formulaire de contact sont conserv\u00e9es pendant une dur\u00e9e maximale de 12 mois \u00e0 compter de la r\u00e9ception du message, sauf obligation l\u00e9gale contraire.<\/p>\n\n\n\n<h2 class=\"wp-block-heading\">Transmission des donn\u00e9es<\/h2>\n\n\n\n<p>Les donn\u00e9es transmises via le formulaire de contact sont envoy\u00e9es par e-mail au responsable du site afin de permettre le traitement de votre demande.<\/p>\n\n\n\n<p>Elles ne sont pas transmises \u00e0 des tiers.<\/p>\n\n\n\n<h2 class=\"wp-block-heading\">S\u00e9curit\u00e9 des donn\u00e9es<\/h2>\n\n\n\n<p>Nous mettons en \u0153uvre des mesures techniques et organisationnelles appropri\u00e9es afin de prot\u00e9ger vos donn\u00e9es personnelles contre tout acc\u00e8s, modification, divulgation ou destruction non autoris\u00e9s.<\/p>\n\n\n\n<h2 class=\"wp-block-heading\">Vos droits<\/h2>\n\n\n\n<p>Conform\u00e9ment \u00e0 la r\u00e9glementation en vigueur en mati\u00e8re de protection des donn\u00e9es personnelles (RGPD), vous disposez des droits suivants :<\/p>\n\n\n\n<ul class=\"wp-block-list\">\n<li>Droit d\u2019acc\u00e8s \u00e0 vos donn\u00e9es<\/li>\n\n\n\n<li>Droit de rectification<\/li>\n\n\n\n<li>Droit \u00e0 l&rsquo;effacement<\/li>\n\n\n\n<li>Droit \u00e0 la limitation du traitement<\/li>\n\n\n\n<li>Droit d\u2019opposition<\/li>\n<\/ul>\n\n\n\n<p>Pour exercer ces droits, vous pouvez nous contacter \u00e0 l\u2019adresse suivante :<\/p>\n\n\n\n<p>contact@cidreriezigzag.fr<\/p>\n\n\n\n<h2 class=\"wp-block-heading\">Cookies<\/h2>\n\n\n\n<p>Ce site n\u2019utilise pas de cookies \u00e0 des fins de suivi ou d\u2019analyse.<\/p>\n","protected":false},"excerpt":{"rendered":"<p>Qui sommes-nous&nbsp;? L\u2019adresse de notre site est&nbsp;: https:\/\/cidreriezigzag.fr Responsable du traitement Les donn\u00e9es personnelles collect\u00e9es sur le site https:\/\/cidreriezigzag.fr sont trait\u00e9es par : L&rsquo;association les copaines de la cidrerie zigzag Association loi 1901 S\u00e8ge social : 55Bis rue L\u00e9onard de Vinci &#8211; 44600 Saint-Nazaire En qualit\u00e9 de responsable du traitement. Utilisation du formulaire de contact &hellip; <\/p>\n<p class=\"link-more\"><a href=\"https:\/\/cidreriezigzag.fr\/index.php\/politique-de-confidentialite\/\" class=\"more-link\">Lire la suite de<span class=\"screen-reader-text\">\u00ab\u00a0POLITIQUE DE CONFIDENTIALITE\u00a0\u00bb<\/span><\/a><\/p>\n","protected":false},"author":1,"featured_media":0,"parent":0,"menu_order":0,"comment_status":"closed","ping_status":"open","template":"","meta":{"inspiro_hide_title":false,"footnotes":""},"class_list":["post-3","page","type-page","status-publish","hentry"],"_links":{"self":[{"href":"https:\/\/cidreriezigzag.fr\/index.php\/wp-json\/wp\/v2\/pages\/3","targetHints":{"allow":["GET"]}}],"collection":[{"href":"https:\/\/cidreriezigzag.fr\/index.php\/wp-json\/wp\/v2\/pages"}],"about":[{"href":"https:\/\/cidreriezigzag.fr\/index.php\/wp-json\/wp\/v2\/types\/page"}],"author":[{"embeddable":true,"href":"https:\/\/cidreriezigzag.fr\/index.php\/wp-json\/wp\/v2\/users\/1"}],"replies":[{"embeddable":true,"href":"https:\/\/cidreriezigzag.fr\/index.php\/wp-json\/wp\/v2\/comments?post=3"}],"version-history":[{"count":8,"href":"https:\/\/cidreriezigzag.fr\/index.php\/wp-json\/wp\/v2\/pages\/3\/revisions"}],"predecessor-version":[{"id":524,"href":"https:\/\/cidreriezigzag.fr\/index.php\/wp-json\/wp\/v2\/pages\/3\/revisions\/524"}],"wp:attachment":[{"href":"https:\/\/cidreriezigzag.fr\/index.php\/wp-json\/wp\/v2\/media?parent=3"}],"curies":[{"name":"wp","href":"https:\/\/api.w.org\/{rel}","templated":true}]}}