{"id":39,"date":"2026-02-16T08:58:26","date_gmt":"2026-02-16T07:58:26","guid":{"rendered":"http:\/\/localhost\/wordpress\/?page_id=39"},"modified":"2026-03-20T10:34:31","modified_gmt":"2026-03-20T09:34:31","slug":"accueil","status":"publish","type":"page","link":"https:\/\/cidreriezigzag.fr\/","title":{"rendered":"ACCUEIL"},"content":{"rendered":"\n<div class=\"wp-block-cover alignfull is-light hero-banner\" style=\"min-height:240px;aspect-ratio:unset;\"><img loading=\"lazy\" decoding=\"async\" width=\"1024\" height=\"133\" class=\"wp-block-cover__image-background wp-image-529 size-large\" alt=\"\" src=\"https:\/\/cidreriezigzag.fr\/wp-content\/uploads\/2026\/03\/bandeau-colore-1024x133.png\" data-object-fit=\"cover\" srcset=\"https:\/\/cidreriezigzag.fr\/wp-content\/uploads\/2026\/03\/bandeau-colore-1024x133.png 1024w, https:\/\/cidreriezigzag.fr\/wp-content\/uploads\/2026\/03\/bandeau-colore-300x39.png 300w, https:\/\/cidreriezigzag.fr\/wp-content\/uploads\/2026\/03\/bandeau-colore-2000x261.png 2000w\" sizes=\"auto, (max-width: 1024px) 100vw, 1024px\" \/><span aria-hidden=\"true\" class=\"wp-block-cover__background has-background-dim-0 has-background-dim\" style=\"background-color:#cbc4c7\"><\/span><div class=\"wp-block-cover__inner-container is-layout-flow wp-block-cover-is-layout-flow\">\n<p class=\"has-text-align-center has-large-font-size\"><\/p>\n<\/div><\/div>\n\n\n\n<p style=\"margin-top:var(--wp--preset--spacing--x-large);margin-bottom:var(--wp--preset--spacing--x-large)\"><\/p>\n\n\n\n<p style=\"margin-top:var(--wp--preset--spacing--small);margin-bottom:var(--wp--preset--spacing--small)\"><\/p>\n\n\n\n<div style=\"display:flex;justify-content:center;\"><iframe id=\"haWidgetVignette\" allowtransparency=\"true\" src=\"https:\/\/www.helloasso.com\/associations\/les-copaines-de-la-cidrerie-zigzag\/collectes\/du-soutien-pour-la-future-cidrerie-participative-zigzag-a-saint-nazaire\/widget-vignette\" style=\"width: 350px; height: 500px; border: none;\"><\/iframe><\/div\n\n\n\n<div class=\"wp-block-group is-layout-flow wp-block-group-is-layout-flow\">\n<p id=\"le-projet\" style=\"margin-top:var(--wp--preset--spacing--medium);margin-bottom:var(--wp--preset--spacing--medium);padding-top:var(--wp--preset--spacing--x-small);padding-bottom:var(--wp--preset--spacing--x-small)\"><\/p>\n\n\n\n<h2 class=\"wp-block-heading\">LE PROJET<\/h2>\n\n\n\n<p class=\"has-text-align-left\" style=\"margin-top:var(--wp--preset--spacing--x-small);margin-bottom:var(--wp--preset--spacing--x-small);padding-top:0;padding-bottom:0\">Nous sommes Pauline et Claire, deux amies de longues dates, qui sont r\u00e9unies par leur amour des belles rencontres et des bons produits. Il y a deux ans, alors respectivement au Qu\u00e9bec et \u00e0 Bordeaux, nous \u00e9voquions l\u2019id\u00e9e un peu saugrenue d\u2019un jour lancer une cidrerie ensemble.&nbsp;<\/p>\n\n\n\n<p class=\"has-text-align-left\" style=\"margin-top:var(--wp--preset--spacing--x-small);margin-bottom:var(--wp--preset--spacing--x-small);padding-top:0;padding-bottom:0\">Pauline baignait d\u00e9j\u00e0 dans un projet similaire au Qu\u00e9bec, la cidrerie Sauvageon, et Claire curieuse du monde et des gens, se lan\u00e7ait dans un nouveau projet dans une ONG.<\/p>\n\n\n\n<p class=\"has-text-align-left\" style=\"margin-top:var(--wp--preset--spacing--x-small);margin-bottom:var(--wp--preset--spacing--x-small);padding-top:0;padding-bottom:0\">Puis le destin s\u2019en est m\u00eal\u00e9, et nous a ensuite rassembl\u00e9 dans notre ville d\u2019accueil, \u00e0 Saint Nazaire. Saint Nazaire ville des possibles, ville propice au lancement de projets associatifs dynamiques, Saint Nazaire b\u00e9b\u00e9.<\/p>\n\n\n\n<p class=\"has-text-align-left\" style=\"margin-top:var(--wp--preset--spacing--x-small);margin-bottom:var(--wp--preset--spacing--x-small);padding-top:0;padding-bottom:0\">Ni une ni deux, \u00e0 notre arriv\u00e9e nous avons donc d\u00e9cid\u00e9 de lancer cette id\u00e9e folle de monter une cidrerie participative urbaine, qui rassemblerait plusieurs \u00e9l\u00e9ments qui sont pour nous la cl\u00e9s&nbsp;d\u2019une activit\u00e9 qui a du sens : valoriser de bons produits, faire ensemble, se rencontrer, transmettre nos passions et nos visions de la soci\u00e9t\u00e9, lutter contre le gaspillage, favoriser les synergies entre les partenaires du coin port\u00e9.es sur les m\u00eames valeurs que les n\u00f4tres.&nbsp;<\/p>\n\n\n\n<p class=\"has-text-align-left\" style=\"margin-top:var(--wp--preset--spacing--x-small);margin-bottom:var(--wp--preset--spacing--x-small);padding-top:0;padding-bottom:0\">Gr\u00e2ce au soutien de copaines engag\u00e9es, nous avons lanc\u00e9 tr\u00e8s r\u00e9cemment notre association \u00ab&nbsp;les copaines de la cidrerie ZigZag&nbsp;\u00bb, pour mener \u00e0 bien ce projet. L\u2019id\u00e9e est de rassembler les belles \u00e9nergies autour de nous, pour nous lancer dans la production de cidre d\u00e9clin\u00e9 sous un mod\u00e8le associatif qui nous ressemble&nbsp;: viendez, on va cidrer, on va partager, et on va se payer de bonnes tranches de rigolades&nbsp;!<\/p>\n\n\n\n<p><\/p>\n<\/div>\n\n\n\n<div class=\"wp-block-columns is-layout-flex wp-container-core-columns-is-layout-28f84493 wp-block-columns-is-layout-flex\">\n<div class=\"wp-block-column is-layout-flow wp-block-column-is-layout-flow\" style=\"flex-basis:100%\">\n<div class=\"wp-block-group has-global-padding is-layout-constrained wp-block-group-is-layout-constrained\">\n<div class=\"wp-block-columns is-layout-flex wp-container-core-columns-is-layout-28f84493 wp-block-columns-is-layout-flex\">\n<div class=\"wp-block-column is-layout-flow wp-block-column-is-layout-flow\" style=\"flex-basis:100%\">\n<figure class=\"wp-block-image aligncenter size-large has-custom-border\"><img loading=\"lazy\" decoding=\"async\" width=\"1024\" height=\"647\" src=\"https:\/\/cidreriezigzag.fr\/wp-content\/uploads\/2026\/03\/photo-CA-poules-e1773820777669-1024x647.jpeg\" alt=\"\" class=\"wp-image-279\" style=\"border-top-left-radius:25px;border-top-right-radius:25px;border-bottom-left-radius:25px;border-bottom-right-radius:25px\" srcset=\"https:\/\/cidreriezigzag.fr\/wp-content\/uploads\/2026\/03\/photo-CA-poules-e1773820777669-1024x647.jpeg 1024w, https:\/\/cidreriezigzag.fr\/wp-content\/uploads\/2026\/03\/photo-CA-poules-e1773820777669-300x190.jpeg 300w, https:\/\/cidreriezigzag.fr\/wp-content\/uploads\/2026\/03\/photo-CA-poules-e1773820777669-768x485.jpeg 768w, https:\/\/cidreriezigzag.fr\/wp-content\/uploads\/2026\/03\/photo-CA-poules-e1773820777669.jpeg 1462w\" sizes=\"auto, (max-width: 1024px) 100vw, 1024px\" \/><\/figure>\n<\/div>\n<\/div>\n<\/div>\n<\/div>\n<\/div>\n\n\n\n<p id=\"nos-remontants\"><\/p>\n\n\n\n<p style=\"margin-top:var(--wp--preset--spacing--x-large);margin-bottom:var(--wp--preset--spacing--x-large)\"><\/p>\n\n\n\n<div class=\"wp-block-group is-layout-flow wp-block-group-is-layout-flow\">\n<h2 class=\"wp-block-heading has-text-align-left\">NOS REMONTANTS<\/h2>\n\n\n\n<div class=\"wp-block-group is-layout-flow wp-block-group-is-layout-flow\">\n<p class=\"has-text-align-left\" style=\"margin-top:0;margin-bottom:0;padding-top:0;padding-bottom:0\">Pour nos remontants, nous souhaitons sortir des sentiers battus&nbsp;: le cidre partout, tout le temps et pas qu\u2019\u00e0 la chandeleur ! Pour cela nous vous proposerons des bouteilles color\u00e9es, dont voici un \u00e9chantillon, de diff\u00e9rents formats et des canettes qui vous donnent envie de vous \u00e9chapper dans un univers enchant\u00e9 et styl\u00e9.<\/p>\n\n\n\n<p>La  sp\u00e9cificit\u00e9 de nos cidres ? Des cidres de fruits pas uniquement issus de la pomme, des cidres peu sucr\u00e9s et sans intrants. Nous vous proposerons \u00e9galement une offre de jus.<\/p>\n\n\n\n<p>Premi\u00e8re cuv\u00e9e pr\u00e9vue fin 2026 !!!<\/p>\n<\/div>\n<\/div>\n\n\n\n<figure class=\"wp-block-image aligncenter\"><img loading=\"lazy\" decoding=\"async\" width=\"1024\" height=\"503\" src=\"https:\/\/cidreriezigzag.fr\/wp-content\/uploads\/2026\/03\/mock-up-bouteille-75-cl-1024x503.png\" alt=\"\" class=\"wp-image-287\" srcset=\"https:\/\/cidreriezigzag.fr\/wp-content\/uploads\/2026\/03\/mock-up-bouteille-75-cl-1024x503.png 1024w, https:\/\/cidreriezigzag.fr\/wp-content\/uploads\/2026\/03\/mock-up-bouteille-75-cl-300x147.png 300w, https:\/\/cidreriezigzag.fr\/wp-content\/uploads\/2026\/03\/mock-up-bouteille-75-cl-2000x982.png 2000w\" sizes=\"auto, (max-width: 1024px) 100vw, 1024px\" \/><\/figure>\n\n\n\n<p><\/p>\n\n\n\n<p><\/p>\n\n\n\n<figure class=\"wp-block-image aligncenter size-large has-custom-border\"><img loading=\"lazy\" decoding=\"async\" width=\"1024\" height=\"512\" src=\"https:\/\/cidreriezigzag.fr\/wp-content\/uploads\/2026\/03\/barboteam-1024x512.png\" alt=\"\" class=\"wp-image-497\" style=\"border-top-left-radius:25px;border-top-right-radius:25px;border-bottom-left-radius:25px;border-bottom-right-radius:25px\" srcset=\"https:\/\/cidreriezigzag.fr\/wp-content\/uploads\/2026\/03\/barboteam-1024x512.png 1024w, https:\/\/cidreriezigzag.fr\/wp-content\/uploads\/2026\/03\/barboteam-300x150.png 300w, https:\/\/cidreriezigzag.fr\/wp-content\/uploads\/2026\/03\/barboteam-2000x1000.png 2000w\" sizes=\"auto, (max-width: 1024px) 100vw, 1024px\" \/><\/figure>\n\n\n\n<p style=\"margin-top:var(--wp--preset--spacing--small);margin-bottom:var(--wp--preset--spacing--small);padding-top:var(--wp--preset--spacing--x-small);padding-bottom:var(--wp--preset--spacing--x-small)\"><\/p>\n\n\n\n<div class=\"wp-block-group is-layout-flow wp-block-group-is-layout-flow\">\n<h2 class=\"wp-block-heading has-text-align-left\">PARTICIPER AU PROJET<\/h2>\n\n\n\n<div class=\"wp-block-group is-layout-flow wp-block-group-is-layout-flow\">\n<p class=\"has-text-align-left\" style=\"margin-top:0;margin-bottom:0;padding-top:0;padding-bottom:0\">Vous souhaitez participer \u00e0 la cidrerie ? Vous \u00eates au bon endroit ! ZigZag est une cidrerie participative o\u00f9 vous pouvez vous investir \u00e0 diff\u00e9rents niveaux : devenir b\u00e9n\u00e9vole sur une t\u00e2che qui vous int\u00e9resse, donnez vos pommes en \u00e9change de bouteilles, nous donner un coup de pouce financier via la lev\u00e9e de fonds &#8230;<\/p>\n\n\n\n<p>Vous pourrez bient\u00f4t avoir acc\u00e8s \u00e0 des prestations de service : location de la presse collective, ateliers &#8230; des cr\u00e9neaux de r\u00e9servation s&rsquo;ouvriront dans les prochains mois.<\/p>\n\n\n\n<p>Pour toute demande, n&rsquo;h\u00e9sitez pas \u00e0 nous contacter via le formulaire. <\/p>\n\n\n\n<div class=\"wp-block-buttons is-content-justification-center is-layout-flex wp-container-core-buttons-is-layout-a89b3969 wp-block-buttons-is-layout-flex\">\n<div class=\"wp-block-button is-style-fill\"><a class=\"wp-block-button__link wp-element-button\" href=\"https:\/\/cidreriezigzag.fr\/index.php\/participez-au-projet\/\"><strong>PARTICIPER AU PROJET<\/strong><\/a><\/div>\n<\/div>\n\n\n\n<p>Vous \u00eates de futur.es potentiel.les partenaires ? Rendez-vous sur l&rsquo;onglet \u00ab\u00a0contact partenaire\u00a0\u00bb \ud83d\ude42&nbsp;<\/p>\n<\/div>\n<\/div>\n\n\n\n<p><\/p>\n\n\n\n<div class=\"wp-block-buttons is-content-justification-center is-layout-flex wp-container-core-buttons-is-layout-a89b3969 wp-block-buttons-is-layout-flex\">\n<div class=\"wp-block-button is-style-fill\"><a class=\"wp-block-button__link wp-element-button\" href=\"https:\/\/cidreriezigzag.fr\/index.php\/contact-partenaire\/\"><strong>CONTACT PARTENAIRE<\/strong><\/a><\/div>\n<\/div>\n\n\n\n<p style=\"margin-top:var(--wp--preset--spacing--x-large);margin-bottom:var(--wp--preset--spacing--x-large)\"><\/p>\n\n\n\n<div class=\"wp-block-cover alignfull is-light\" style=\"min-height:251px;aspect-ratio:unset;\"><img loading=\"lazy\" decoding=\"async\" width=\"1024\" height=\"133\" class=\"wp-block-cover__image-background wp-image-450 size-large\" alt=\"\" src=\"https:\/\/cidreriezigzag.fr\/wp-content\/uploads\/2026\/03\/banniere-1024x133.jpg\" data-object-fit=\"cover\" srcset=\"https:\/\/cidreriezigzag.fr\/wp-content\/uploads\/2026\/03\/banniere-1024x133.jpg 1024w, https:\/\/cidreriezigzag.fr\/wp-content\/uploads\/2026\/03\/banniere-300x39.jpg 300w, https:\/\/cidreriezigzag.fr\/wp-content\/uploads\/2026\/03\/banniere.jpg 1920w\" sizes=\"auto, (max-width: 1024px) 100vw, 1024px\" \/><span aria-hidden=\"true\" class=\"wp-block-cover__background has-background-dim-0 has-background-dim\" style=\"background-color:#ebebeb\"><\/span><div class=\"wp-block-cover__inner-container is-layout-flow wp-block-cover-is-layout-flow\">\n<p class=\"has-text-align-center has-large-font-size\"><\/p>\n<\/div><\/div>\n","protected":false},"excerpt":{"rendered":"","protected":false},"author":1,"featured_media":0,"parent":0,"menu_order":0,"comment_status":"closed","ping_status":"closed","template":"page-templates\/full-width-transparent.php","meta":{"inspiro_hide_title":false,"footnotes":""},"class_list":["post-39","page","type-page","status-publish","hentry"],"_links":{"self":[{"href":"https:\/\/cidreriezigzag.fr\/index.php\/wp-json\/wp\/v2\/pages\/39","targetHints":{"allow":["GET"]}}],"collection":[{"href":"https:\/\/cidreriezigzag.fr\/index.php\/wp-json\/wp\/v2\/pages"}],"about":[{"href":"https:\/\/cidreriezigzag.fr\/index.php\/wp-json\/wp\/v2\/types\/page"}],"author":[{"embeddable":true,"href":"https:\/\/cidreriezigzag.fr\/index.php\/wp-json\/wp\/v2\/users\/1"}],"replies":[{"embeddable":true,"href":"https:\/\/cidreriezigzag.fr\/index.php\/wp-json\/wp\/v2\/comments?post=39"}],"version-history":[{"count":250,"href":"https:\/\/cidreriezigzag.fr\/index.php\/wp-json\/wp\/v2\/pages\/39\/revisions"}],"predecessor-version":[{"id":586,"href":"https:\/\/cidreriezigzag.fr\/index.php\/wp-json\/wp\/v2\/pages\/39\/revisions\/586"}],"wp:attachment":[{"href":"https:\/\/cidreriezigzag.fr\/index.php\/wp-json\/wp\/v2\/media?parent=39"}],"curies":[{"name":"wp","href":"https:\/\/api.w.org\/{rel}","templated":true}]}}