{"id":53,"date":"2026-02-16T09:19:45","date_gmt":"2026-02-16T08:19:45","guid":{"rendered":"http:\/\/localhost\/wordpress\/?page_id=53"},"modified":"2026-03-19T10:11:58","modified_gmt":"2026-03-19T09:11:58","slug":"mentions-legales","status":"publish","type":"page","link":"https:\/\/cidreriezigzag.fr\/index.php\/mentions-legales\/","title":{"rendered":"MENTIONS LEGALES"},"content":{"rendered":"\n<p>Conform\u00e9ment aux dispositions de la loi n\u00b02004-575 du 21 juin 2004 pour la confiance dans l\u2019\u00e9conomie num\u00e9rique, il est pr\u00e9cis\u00e9 aux utilisateurs du site l\u2019identit\u00e9 des diff\u00e9rents intervenants dans le cadre de sa r\u00e9alisation et de son suivi.<\/p>\n\n\n\n<h2 class=\"wp-block-heading\">\u00c9diteur du site<\/h2>\n\n\n\n<p>Nom de l\u2019association : les copaines de la cidrerie zigzag<\/p>\n\n\n\n<p>Forme juridique : Association loi 1901<\/p>\n\n\n\n<p>Adresse du si\u00e8ge social : 55Bis rue L\u00e9onard de Vinci &#8211; 44600 Saint-Nazaire<\/p>\n\n\n\n<p>Num\u00e9ro RNA : W443012413<\/p>\n\n\n\n<p>Num\u00e9ro SIRET : En cours<\/p>\n\n\n\n<p>Directrices de la publication : Claire DUGLEUX et Pauline MACERA<\/p>\n\n\n\n<p>Adresse e-mail de contact : contact@cidreriezigzag.fr<\/p>\n\n\n\n<h2 class=\"wp-block-heading\">H\u00e9bergement<\/h2>\n\n\n\n<p>Le site est h\u00e9berg\u00e9 par :<\/p>\n\n\n\n<p>Nom de l\u2019h\u00e9bergeur : OVHcloud<\/p>\n\n\n\n<p>Adresse : 2 rue Kellermann &#8211; 59100 Roubaix <\/p>\n\n\n\n<p>Site web : www.ovhcloud.com\/fr<\/p>\n\n\n\n<h2 class=\"wp-block-heading\">Propri\u00e9t\u00e9 intellectuelle<\/h2>\n\n\n\n<p>L\u2019ensemble des contenus pr\u00e9sents sur le site (textes, images, logos, \u00e9l\u00e9ments graphiques, structure, etc.) est la propri\u00e9t\u00e9 exclusive de l\u2019association, sauf mentions contraires.<\/p>\n\n\n\n<p>Toute reproduction, repr\u00e9sentation, modification, publication ou adaptation, totale ou partielle, des \u00e9l\u00e9ments du site, quel que soit le moyen ou le proc\u00e9d\u00e9 utilis\u00e9, est interdite sauf autorisation \u00e9crite pr\u00e9alable.<\/p>\n\n\n\n<h2 class=\"wp-block-heading\">Responsabilit\u00e9<\/h2>\n\n\n\n<p>L\u2019association s\u2019efforce de fournir des informations aussi pr\u00e9cises que possible. Toutefois, elle ne pourra \u00eatre tenue responsable des omissions, inexactitudes ou carences dans la mise \u00e0 jour.<\/p>\n\n\n\n<p>L\u2019association ne pourra \u00eatre tenue responsable des dommages directs et indirects caus\u00e9s au mat\u00e9riel de l\u2019utilisateur lors de l\u2019acc\u00e8s au site.<\/p>\n\n\n\n<h2 class=\"wp-block-heading\">Donn\u00e9es personnelles<\/h2>\n\n\n\n<p>Le site peut collecter des donn\u00e9es personnelles via son formulaire de contact.<br>Pour plus d\u2019informations sur la gestion des donn\u00e9es personnelles, veuillez consulter la page \u00ab Politique de confidentialit\u00e9 \u00bb.<\/p>\n","protected":false},"excerpt":{"rendered":"<p>Conform\u00e9ment aux dispositions de la loi n\u00b02004-575 du 21 juin 2004 pour la confiance dans l\u2019\u00e9conomie num\u00e9rique, il est pr\u00e9cis\u00e9 aux utilisateurs du site l\u2019identit\u00e9 des diff\u00e9rents intervenants dans le cadre de sa r\u00e9alisation et de son suivi. \u00c9diteur du site Nom de l\u2019association : les copaines de la cidrerie zigzag Forme juridique : Association &hellip; <\/p>\n<p class=\"link-more\"><a href=\"https:\/\/cidreriezigzag.fr\/index.php\/mentions-legales\/\" class=\"more-link\">Lire la suite de<span class=\"screen-reader-text\">\u00ab\u00a0MENTIONS LEGALES\u00a0\u00bb<\/span><\/a><\/p>\n","protected":false},"author":1,"featured_media":0,"parent":0,"menu_order":0,"comment_status":"closed","ping_status":"closed","template":"","meta":{"inspiro_hide_title":false,"footnotes":""},"class_list":["post-53","page","type-page","status-publish","hentry"],"_links":{"self":[{"href":"https:\/\/cidreriezigzag.fr\/index.php\/wp-json\/wp\/v2\/pages\/53","targetHints":{"allow":["GET"]}}],"collection":[{"href":"https:\/\/cidreriezigzag.fr\/index.php\/wp-json\/wp\/v2\/pages"}],"about":[{"href":"https:\/\/cidreriezigzag.fr\/index.php\/wp-json\/wp\/v2\/types\/page"}],"author":[{"embeddable":true,"href":"https:\/\/cidreriezigzag.fr\/index.php\/wp-json\/wp\/v2\/users\/1"}],"replies":[{"embeddable":true,"href":"https:\/\/cidreriezigzag.fr\/index.php\/wp-json\/wp\/v2\/comments?post=53"}],"version-history":[{"count":6,"href":"https:\/\/cidreriezigzag.fr\/index.php\/wp-json\/wp\/v2\/pages\/53\/revisions"}],"predecessor-version":[{"id":523,"href":"https:\/\/cidreriezigzag.fr\/index.php\/wp-json\/wp\/v2\/pages\/53\/revisions\/523"}],"wp:attachment":[{"href":"https:\/\/cidreriezigzag.fr\/index.php\/wp-json\/wp\/v2\/media?parent=53"}],"curies":[{"name":"wp","href":"https:\/\/api.w.org\/{rel}","templated":true}]}}